{"id":407,"date":"2025-09-01T15:10:24","date_gmt":"2025-09-01T13:10:24","guid":{"rendered":"https:\/\/services.alpha-one.com\/impressum\/"},"modified":"2025-10-08T11:08:46","modified_gmt":"2025-10-08T09:08:46","slug":"impressum","status":"publish","type":"page","link":"https:\/\/services.alpha-one.com\/sv\/impressum\/","title":{"rendered":"Impressum"},"content":{"rendered":"<p>[et_pb_section fb_built=&#8221;1&#8243; _builder_version=&#8221;4.2.2&#8243;][et_pb_row _builder_version=&#8221;4.2.2&#8243;][et_pb_column _builder_version=&#8221;4.2.2&#8243; type=&#8221;4_4&#8243;][et_pb_text _builder_version=&#8221;4.2.2&#8243; header_font=&#8221;Montserrat||||||||&#8221; header_line_height=&#8221;1.6em&#8221; hover_enabled=&#8221;0&#8243;]<\/p>\n<h1>Impressum<\/h1>\n<p>Rechtlicher Hinweis<br \/>Verantwortlich f\u00fcr den Inhalt:<\/p>\n<p><strong>SX Consulting Group GmbH<\/strong><br \/><strong> Herzogstr. 23 A <\/strong><br \/><strong> 80803 M\u00fcnchen<\/strong><\/p>\n<p><strong>Telefon: +49 (0) 89 28 72 460-0<\/strong><br \/><strong> Fax: +49 (0) 89 28 72 460-29<\/strong><\/p>\n<p><strong>info@sx-consulting.com<\/strong><br \/><strong> sx-consulting.com<\/strong><\/p>\n<p>&nbsp;<\/p>\n<p>Vertretungsberechtigte Gesch\u00e4ftsf\u00fchrer:<br \/>Tobias St\u00f6hr<\/p>\n<p>Handelsregister:<br \/>Amtsgericht M\u00fcnchen: HRB 198616<br \/>Umsatzsteuer-ID-Nr.: DE283222306<\/p>\n<p>Haftungsausschluss<\/p>\n<p>Haftung f\u00fcr Inhalte<br \/>Die Inhalte unserer Website wurden mit gr\u00f6\u00dfter Sorgfalt erstellt. F\u00fcr die Richtigkeit, Vollst\u00e4ndigkeit und Aktualit\u00e4t der Inhalte k\u00f6nnen wir jedoch keine Gew\u00e4hr \u00fcbernehmen. Als Dienstanbieter sind wir gem\u00e4\u00df \u00a7 7 Abs.1 TMG f\u00fcr eigene Inhalte auf diesen Seiten nach den allgemeinen Gesetzen verantwortlich. Nach \u00a7\u00a7 8 bis 10 TMG sind wir als Diensteanbieter jedoch nicht verpflichtet, \u00fcbermittelte oder gespeicherte fremde Informationen zu \u00fcberwachen oder nach Umst\u00e4nden zu forschen, die auf eine rechtswidrige T\u00e4tigkeit hinweisen.    <br \/> Verpflichtungen zur Entfernung oder Sperrung der Nutzung von Informationen nach den allgemeinen Gesetzen bleiben hiervon unber\u00fchrt. Eine diesbez\u00fcgliche Haftung ist jedoch erst ab dem Zeitpunkt der Kenntnis einer konkreten Rechtsverletzung m\u00f6glich. Bei Bekanntwerden von entsprechenden Rechtsverletzungen werden wir diese Inhalte umgehend entfernen.  <\/p>\n<p>&nbsp;<\/p>\n<p>Haftung f\u00fcr Links<br \/>Unsere Website enth\u00e4lt Links zu externen Webseiten Dritter, auf deren Inhalte wir keinen Einfluss haben. Deshalb k\u00f6nnen wir f\u00fcr diese fremden Inhalte auch keine Gew\u00e4hr \u00fcbernehmen. F\u00fcr die Inhalte der verlinkten Seiten ist stets der jeweilige Anbieter oder Betreiber der Seiten verantwortlich. Zum Zeitpunkt der Erstellung der externen Links waren keine Rechtsverst\u00f6\u00dfe ersichtlich.   <br \/> Eine st\u00e4ndige Kontrolle der Inhalte der verlinkten Seiten ist jedoch ohne konkrete Hinweise auf Rechtsverst\u00f6\u00dfe nicht zumutbar. Bei Kenntnisnahme von Rechtsverst\u00f6\u00dfen werden wir die entsprechenden externen Links unverz\u00fcglich entfernen. <\/p>\n<p>&nbsp;<\/p>\n<p>Copyright<br \/>Die durch die Seitenbetreiber erstellten Inhalte und Werke auf diesen Seiten unterliegen dem deutschen Urheberrecht. Die Vervielf\u00e4ltigung, Bearbeitung, Verbreitung und jede Art der Verwertung au\u00dferhalb der Grenzen des Urheberrechtes bed\u00fcrfen der schriftlichen Zustimmung des jeweiligen Autors bzw. Erstellers. Downloads und Kopien dieser Seite sind nur f\u00fcr den privaten, nicht kommerziellen Gebrauch gestattet.  <br \/> Soweit die Inhalte auf dieser Seite nicht vom Betreiber erstellt wurden, werden die Urheberrechte Dritter beachtet. Wir sind stets bem\u00fcht, solche Inhalte als solche von Dritten zu kennzeichnen. Sollten Sie trotzdem auf eine Urheberrechtsverletzung aufmerksam werden, bitten wir um einen entsprechenden Hinweis, damit wir die L\u00f6schung des Inhalts veranlassen k\u00f6nnen. Bei Bekanntwerden von Rechtsverletzungen werden wir derartige Inhalte umgehend entfernen.   <\/p>\n<p>&nbsp;<\/p>\n<p>Andere<\/p>\n<p>Nutzung unserer Kontaktdaten<br \/>Wir widersprechen hiermit ausdr\u00fccklich der Nutzung der im Rahmen der Impressumspflicht ver\u00f6ffentlichten Kontaktdaten durch Dritte zur \u00dcbersendung von nicht ausdr\u00fccklich angeforderter Werbung und Informationsmaterialien. Die Betreiber der Seiten behalten sich ausdr\u00fccklich rechtliche Schritte im Falle der unverlangten Zusendung von Werbeinformationen, etwa durch Spam-Mails, vor. <\/p>\n<p>&nbsp;<\/p>\n<p>Rechtliche Hinweise<br \/>Im Hinblick auf die technischen Eigenschaften des Internet kann keine Gew\u00e4hr f\u00fcr die Authentizit\u00e4t, Richtigkeit und Vollst\u00e4ndigkeit der im Internet zur Verf\u00fcgung gestellten Informationen \u00fcbernommen werden. Es wird auch keine Gew\u00e4hr f\u00fcr die Verf\u00fcgbarkeit oder den Betrieb der gegenst\u00e4ndlichen Website und ihrer Inhalte \u00fcbernommen. <br \/> Jede Haftung f\u00fcr unmittelbare, mittelbare oder sonstige Sch\u00e4den, unabh\u00e4ngig von deren Ursachen, die aus der Benutzung oder Nichtverf\u00fcgbarkeit der Daten und Informationen dieser Website erwachsen, wird, soweit rechtlich zul\u00e4ssig, ausgeschlossen.<\/p>\n<p>Impressum \u2013 SX Consulting Group GmbH, Stand: 01.09.2025<\/p>\n<p>[\/et_pb_text][\/et_pb_column][\/et_pb_row][\/et_pb_section]<\/p>\n","protected":false},"excerpt":{"rendered":"<p>[et_pb_section fb_built=&#8221;1&#8243; _builder_version=&#8221;4.2.2&#8243;][et_pb_row _builder_version=&#8221;4.2.2&#8243;][et_pb_column _builder_version=&#8221;4.2.2&#8243; type=&#8221;4_4&#8243;][et_pb_text _builder_version=&#8221;4.2.2&#8243; header_font=&#8221;Montserrat||||||||&#8221; header_line_height=&#8221;1.6em&#8221; hover_enabled=&#8221;0&#8243;] Impressum Rechtlicher HinweisVerantwortlich f\u00fcr den Inhalt: SX Consulting Group GmbH Herzogstr. 23 A 80803 M\u00fcnchen Telefon: +49 (0) 89 28 72 460-0 Fax: +49 (0) 89 28 72 460-29 info@sx-consulting.com sx-consulting.com &nbsp; Vertretungsberechtigte Gesch\u00e4ftsf\u00fchrer:Tobias St\u00f6hr Handelsregister:Amtsgericht M\u00fcnchen: HRB 198616Umsatzsteuer-ID-Nr.: DE283222306 Haftungsausschluss Haftung f\u00fcr InhalteDie Inhalte [&hellip;]<\/p>\n","protected":false},"author":1,"featured_media":0,"parent":0,"menu_order":0,"comment_status":"closed","ping_status":"closed","template":"","meta":{"_et_pb_use_builder":"on","_et_pb_old_content":"","_et_gb_content_width":"","footnotes":""},"class_list":["post-407","page","type-page","status-publish","hentry"],"_links":{"self":[{"href":"https:\/\/services.alpha-one.com\/sv\/wp-json\/wp\/v2\/pages\/407","targetHints":{"allow":["GET"]}}],"collection":[{"href":"https:\/\/services.alpha-one.com\/sv\/wp-json\/wp\/v2\/pages"}],"about":[{"href":"https:\/\/services.alpha-one.com\/sv\/wp-json\/wp\/v2\/types\/page"}],"author":[{"embeddable":true,"href":"https:\/\/services.alpha-one.com\/sv\/wp-json\/wp\/v2\/users\/1"}],"replies":[{"embeddable":true,"href":"https:\/\/services.alpha-one.com\/sv\/wp-json\/wp\/v2\/comments?post=407"}],"version-history":[{"count":2,"href":"https:\/\/services.alpha-one.com\/sv\/wp-json\/wp\/v2\/pages\/407\/revisions"}],"predecessor-version":[{"id":409,"href":"https:\/\/services.alpha-one.com\/sv\/wp-json\/wp\/v2\/pages\/407\/revisions\/409"}],"wp:attachment":[{"href":"https:\/\/services.alpha-one.com\/sv\/wp-json\/wp\/v2\/media?parent=407"}],"curies":[{"name":"wp","href":"https:\/\/api.w.org\/{rel}","templated":true}]}}