{"id":301,"date":"2025-08-29T13:51:36","date_gmt":"2025-08-29T11:51:36","guid":{"rendered":"https:\/\/services.alpha-one.com\/industry-services\/"},"modified":"2026-03-31T11:27:12","modified_gmt":"2026-03-31T09:27:12","slug":"industry-services","status":"publish","type":"page","link":"https:\/\/services.alpha-one.com\/sv\/industry-services\/","title":{"rendered":"Industry Services"},"content":{"rendered":"<p>[et_pb_section fb_built=&#8221;1&#8243; _builder_version=&#8221;4.2.2&#8243; background_color=&#8221;#000504&#8243; background_enable_image=&#8221;off&#8221; parallax=&#8221;on&#8221; custom_padding=&#8221;||100px||false|false&#8221;][et_pb_row column_structure=&#8221;1_2,1_2&#8243; module_id=&#8221;kontakt&#8221; _builder_version=&#8221;4.2.2&#8243;][et_pb_column type=&#8221;1_2&#8243; _builder_version=&#8221;3.26.2&#8243;][et_pb_text _builder_version=&#8221;4.2.2&#8243; text_font=&#8221;Montserrat||||||||&#8221; text_text_color=&#8221;#ffffff&#8221; header_font=&#8221;Montserrat||||||||&#8221; header_font_size=&#8221;100px&#8221; header_line_height=&#8221;1.2em&#8221; header_3_font=&#8221;Montserrat|600|||||||&#8221; header_3_font_size=&#8221;20px&#8221; header_3_line_height=&#8221;1.4em&#8221; background_layout=&#8221;dark&#8221; header_font_size_tablet=&#8221;70px&#8221; header_font_size_phone=&#8221;36px&#8221; header_font_size_last_edited=&#8221;on|phone&#8221; locked=&#8221;off&#8221;]<\/p>\n<h1>Industry <span style=\"color: #dcdc00;\">Services<\/span><\/h1>\n<p>[\/et_pb_text][et_pb_text _builder_version=&#8221;4.2.2&#8243; text_font=&#8221;Montserrat||||||||&#8221; text_text_color=&#8221;#ffffff&#8221; header_3_font=&#8221;Montserrat|600|||||||&#8221; header_3_text_color=&#8221;#ffffff&#8221; header_3_line_height=&#8221;1.5em&#8221;]<\/p>\n<h3><strong>V\u00e5ra tj\u00e4nstekomponenter<br \/>\ni \u00f6versikt:<\/strong><\/h3>\n<ul>\n<li>Ice Track Preparations<\/li>\n<li>Maintenance Services<\/li>\n<li>Logistics &amp; Transports<\/li>\n<\/ul>\n<p>[\/et_pb_text][et_pb_button button_url=&#8221;#kontakt&#8221; button_text=&#8221;Skicka f\u00f6rfr\u00e5gan nu&#8221; _builder_version=&#8221;4.2.2&#8243; custom_button=&#8221;on&#8221; button_text_size=&#8221;15px&#8221; button_text_color=&#8221;#000000&#8243; button_bg_color=&#8221;#dcdc00&#8243; button_bg_color_gradient_start=&#8221;#ffb565&#8243; button_bg_color_gradient_end=&#8221;#ff8e60&#8243; button_bg_color_gradient_direction=&#8221;148deg&#8221; button_border_width=&#8221;0px&#8221; button_border_radius=&#8221;0px&#8221; button_letter_spacing=&#8221;3px&#8221; button_font=&#8221;Montserrat|||on|||||&#8221; custom_padding=&#8221;15px|34px|15px|34px|true|true&#8221; box_shadow_style=&#8221;preset3&#8243; box_shadow_vertical=&#8221;10px&#8221; box_shadow_blur=&#8221;30px&#8221; box_shadow_spread=&#8221;-10px&#8221; box_shadow_color=&#8221;rgba(255,142,96,0.39)&#8221; locked=&#8221;off&#8221; box_shadow_color__hover=&#8221;#2585b2&#8243; box_shadow_blur__hover_enabled=&#8221;off&#8221; box_shadow_blur__hover=&#8221;20px&#8221; box_shadow_vertical__hover_enabled=&#8221;off&#8221; box_shadow_vertical__hover=&#8221;10px&#8221;][\/et_pb_button][\/et_pb_column][et_pb_column type=&#8221;1_2&#8243; _builder_version=&#8221;3.26.2&#8243;][et_pb_image src=&#8221;https:\/\/services.alpha-one.com\/wp-content\/uploads\/2025\/08\/industrie-services.jpg&#8221; _builder_version=&#8221;4.2.2&#8243;][\/et_pb_image][\/et_pb_column][\/et_pb_row][\/et_pb_section][et_pb_section fb_built=&#8221;1&#8243; _builder_version=&#8221;4.2.2&#8243; background_enable_color=&#8221;off&#8221; custom_padding=&#8221;100px||100px||false|false&#8221;][et_pb_row column_structure=&#8221;2_3,1_3&#8243; _builder_version=&#8221;4.2.2&#8243; custom_margin=&#8221;||||false|false&#8221; locked=&#8221;off&#8221;][et_pb_column type=&#8221;2_3&#8243; _builder_version=&#8221;3.26.2&#8243;][et_pb_text _builder_version=&#8221;4.2.2&#8243; text_font=&#8221;Montserrat||||||||&#8221; text_text_color=&#8221;#1e2325&#8243; text_font_size=&#8221;17px&#8221; text_line_height=&#8221;1.8em&#8221; header_font=&#8221;Montserrat||||||||&#8221; header_line_height=&#8221;1.4em&#8221; header_2_font=&#8221;Montserrat||||||||&#8221; header_2_text_color=&#8221;#1e2325&#8243; header_2_font_size=&#8221;50px&#8221; header_2_line_height=&#8221;1.2em&#8221; background_layout=&#8221;dark&#8221; custom_margin=&#8221;||||false|false&#8221; text_font_size_tablet=&#8221;17px&#8221; text_font_size_phone=&#8221;14px&#8221; text_font_size_last_edited=&#8221;on|phone&#8221; header_2_font_size_tablet=&#8221;40px&#8221; header_2_font_size_phone=&#8221;24px&#8221; header_2_font_size_last_edited=&#8221;on|phone&#8221; locked=&#8221;off&#8221;]<\/p>\n<h2>Ice Track Preparations<\/h2>\n<p><em>Perfekta f\u00f6rh\u00e5llanden i extrema milj\u00f6er<\/em><\/p>\n<p>I norra Sveriges karga och fascinerande natur skapar vi grunden f\u00f6r extraordin\u00e4ra k\u00f6rupplevelser: skr\u00e4ddarsydda isbanor, noggrant f\u00f6rberedda \u2013 p\u00e5 fast mark eller p\u00e5 frusna sj\u00f6ar. Oavsett om det g\u00e4ller fordonstester, f\u00f6rarutbildningar, event eller filmproduktioner s\u00e4kerst\u00e4ller vi med modern teknik, erfarenhet och ett v\u00e4lutbildat team perfekt preparerade isbanor som uppfyller de h\u00f6gsta kraven p\u00e5 s\u00e4kerhet, k\u00f6rdynamik och prestanda. <\/p>\n<p><strong>V\u00e5ra tj\u00e4nster i \u00f6versikt:<\/strong><\/p>\n<ul>\n<li>Planering och f\u00f6rberedelse av individuella banlayout<\/li>\n<li>Preparering av isytor och driftbanor<\/li>\n<li>Anv\u00e4ndning av specialmaskiner f\u00f6r j\u00e4mning, packning och underh\u00e5ll av isytor<\/li>\n<li>Regelbunden kontroll och underh\u00e5ll av banorna under drift<\/li>\n<li>Anpassning till kundspecifika krav och testm\u00e5l<\/li>\n<li>H\u00f6gsta s\u00e4kerhetsstandard och j\u00e4mn kvalitet \u00e4ven vid v\u00e4xlande v\u00e4derf\u00f6rh\u00e5llanden<\/li>\n<li>Hantering och samordning av n\u00f6dv\u00e4ndiga tillst\u00e5ndsprocesser<\/li>\n<\/ul>\n<p>Oavsett om det g\u00e4ller driftkurser, h\u00f6ghastighetsbanor, hanteringsparker eller skr\u00e4ddarsydda speciall\u00f6sningar \u2013 vi planerar, bygger och underh\u00e5ller din isbana \u2013 med lokalt kunnande, p\u00e5litlighet, flexibilitet och en \u00e4kta k\u00e4nsla f\u00f6r prestanda.<\/p>\n<p><strong>Ice Track Preparations i Svenska Lappland \u2013 f\u00f6r \u00f6gonblick som verkligen fastnar.<\/strong>[\/et_pb_text][\/et_pb_column][et_pb_column type=&#8221;1_3&#8243; _builder_version=&#8221;3.26.2&#8243;][et_pb_image src=&#8221;https:\/\/services.alpha-one.com\/wp-content\/uploads\/2025\/08\/icetrackpreperation01.jpg&#8221; _builder_version=&#8221;4.2.2&#8243;][\/et_pb_image][et_pb_image src=&#8221;https:\/\/services.alpha-one.com\/wp-content\/uploads\/2025\/08\/icetrackpreperation02.jpg&#8221; _builder_version=&#8221;4.2.2&#8243;][\/et_pb_image][et_pb_image src=&#8221;https:\/\/services.alpha-one.com\/wp-content\/uploads\/2025\/08\/icetrackpreperation03.jpg&#8221; _builder_version=&#8221;4.2.2&#8243;][\/et_pb_image][\/et_pb_column][\/et_pb_row][et_pb_row column_structure=&#8221;1_3,2_3&#8243; _builder_version=&#8221;4.2.2&#8243; custom_margin=&#8221;100px||||false|false&#8221;][et_pb_column type=&#8221;1_3&#8243; _builder_version=&#8221;4.2.2&#8243;][et_pb_image src=&#8221;https:\/\/services.alpha-one.com\/wp-content\/uploads\/2025\/08\/maintenance02.jpg&#8221; _builder_version=&#8221;4.2.2&#8243;][\/et_pb_image][et_pb_image src=&#8221;https:\/\/services.alpha-one.com\/wp-content\/uploads\/2025\/08\/maintenance01.jpg&#8221; _builder_version=&#8221;4.2.2&#8243;][\/et_pb_image][et_pb_image src=&#8221;https:\/\/services.alpha-one.com\/wp-content\/uploads\/2025\/08\/maintenance03.jpg&#8221; _builder_version=&#8221;4.2.2&#8243;][\/et_pb_image][\/et_pb_column][et_pb_column type=&#8221;2_3&#8243; _builder_version=&#8221;4.2.2&#8243;][et_pb_text _builder_version=&#8221;4.2.2&#8243; text_font=&#8221;Montserrat||||||||&#8221; text_text_color=&#8221;#1e2325&#8243; text_font_size=&#8221;17px&#8221; text_line_height=&#8221;1.8em&#8221; header_font=&#8221;Montserrat||||||||&#8221; header_line_height=&#8221;1.4em&#8221; header_2_font=&#8221;Montserrat||||||||&#8221; header_2_text_color=&#8221;#1e2325&#8243; header_2_font_size=&#8221;50px&#8221; header_2_line_height=&#8221;1.2em&#8221; background_layout=&#8221;dark&#8221; custom_margin=&#8221;||||false|false&#8221; text_font_size_tablet=&#8221;17px&#8221; text_font_size_phone=&#8221;14px&#8221; text_font_size_last_edited=&#8221;on|phone&#8221; header_2_font_size_tablet=&#8221;40px&#8221; header_2_font_size_phone=&#8221;24px&#8221; header_2_font_size_last_edited=&#8221;on|phone&#8221;]<\/p>\n<h2>Maintenance Services<\/h2>\n<p><em>Tillf\u00f6rlitligt underh\u00e5ll f\u00f6r h\u00f6gsta prestanda<\/em><\/p>\n<p>Som en del av v\u00e5ra Industry Services erbjuder vi, f\u00f6rutom professionell preparering av isbanor, \u00e4ven omfattande Maintenance Services.<\/p>\n<p>V\u00e5ra tj\u00e4nster riktar sig till f\u00f6retag och arrang\u00f6rer som kr\u00e4ver h\u00f6gsta tillf\u00f6rlitlighet, s\u00e4kerhet och effektivitet \u2013 oavsett om det g\u00e4ller fordonstestning, motorsport eller evenemang under extrema f\u00f6rh\u00e5llanden.<\/p>\n<p>V\u00e5rt erfarna team tar hand om regelbundet underh\u00e5ll och service av maskiner, fordon, tekniska installationer och infrastruktur p\u00e5 plats \u2013 skr\u00e4ddarsytt efter dina behov och verksamhetsfl\u00f6den.<\/p>\n<p><strong>V\u00e5ra tj\u00e4nster i \u00f6versikt:<\/strong><\/p>\n<ul>\n<li>Egen verkstad &amp; lagerytor<\/li>\n<li>Tekniska inspektioner och funktionskontroller<\/li>\n<li>Underh\u00e5ll och service av specialfordon (t.ex. Ice Groomer, sn\u00f6skoter, fyrhjulingar)<\/li>\n<li>Sk\u00f6tsel av gr\u00f6nytor<\/li>\n<li>Reparations- och servicetj\u00e4nster direkt p\u00e5 plats<\/li>\n<li>Reservdelshantering och logistik<\/li>\n<li>Dokumentation och underh\u00e5llsplaner enligt industristandard<\/li>\n<li>Koordinering av internationell logistik<\/li>\n<li>Internationell betalningshantering inklusive momsadministration <\/li>\n<\/ul>\n<p>Effektivitet, s\u00e4kerhet och l\u00e5ng livsl\u00e4ngd st\u00e5r i fokus. V\u00e5ra tj\u00e4nster s\u00e4kerst\u00e4ller att dina anl\u00e4ggningar och fordon alltid \u00e4r redo f\u00f6r anv\u00e4ndning \u2013 \u00e4ven under de h\u00e5rdaste f\u00f6rh\u00e5llandena. <\/p>\n<p><strong>Lita p\u00e5 kvalitet, precision och en partner som verkligen k\u00e4nner till utmaningarna i norr.<\/strong>[\/et_pb_text][\/et_pb_column][\/et_pb_row][et_pb_row column_structure=&#8221;2_3,1_3&#8243; module_id=&#8221;kontakt&#8221; _builder_version=&#8221;4.2.2&#8243; custom_margin=&#8221;100px||||false|false&#8221;][et_pb_column type=&#8221;2_3&#8243; _builder_version=&#8221;4.2.2&#8243;][et_pb_text _builder_version=&#8221;4.2.2&#8243; text_font=&#8221;Montserrat||||||||&#8221; text_text_color=&#8221;#1e2325&#8243; text_font_size=&#8221;17px&#8221; text_line_height=&#8221;1.8em&#8221; header_font=&#8221;Montserrat||||||||&#8221; header_line_height=&#8221;1.4em&#8221; header_2_font=&#8221;Montserrat||||||||&#8221; header_2_text_color=&#8221;#1e2325&#8243; header_2_font_size=&#8221;50px&#8221; header_2_line_height=&#8221;1.2em&#8221; background_layout=&#8221;dark&#8221; custom_margin=&#8221;||||false|false&#8221; text_font_size_tablet=&#8221;17px&#8221; text_font_size_phone=&#8221;14px&#8221; text_font_size_last_edited=&#8221;on|phone&#8221; header_2_font_size_tablet=&#8221;40px&#8221; header_2_font_size_phone=&#8221;24px&#8221; header_2_font_size_last_edited=&#8221;on|phone&#8221;]<\/p>\n<h2>Logistics &amp; Transports<\/h2>\n<p><em>P\u00e5litliga logistikl\u00f6sningar i norra Sverige<\/em><\/p>\n<p>Med Alpha One Services erbjuder vi behovsanpassade logistik- och transportl\u00f6sningar. I den kr\u00e4vande milj\u00f6n i svenska Lappland s\u00e4kerst\u00e4ller vi att material, utrustning och fordon n\u00e5r sin destination s\u00e4kert, effektivt och i tid. <\/p>\n<p><strong>V\u00e5ra tj\u00e4nster i \u00f6versikt:<\/strong><\/p>\n<ul>\n<li>Organisation och genomf\u00f6rande av transporter (on- och off-road)<\/li>\n<li>S\u00e4ker fordonstransport inklusive lastning och lossning (\u00f6ppen och sluten) <\/li>\n<li>Prototyp\u00f6vervakning<\/li>\n<li>Material- och reservdelslogistik f\u00f6r event, testcenter och byggarbetsplatser<\/li>\n<li>Koordinering av leveranskedjor i avl\u00e4gsna regioner<\/li>\n<li>St\u00f6d vid tullhantering och internationella transporter<\/li>\n<li>Internationell betalningshantering inklusive momsadministration <\/li>\n<\/ul>\n<p>P\u00e5litlighet, flexibilitet och lokal expertis k\u00e4nnetecknar v\u00e5r service. Oavsett om det handlar om tunga maskiner, k\u00e4nslig utrustning eller tidkritiska transporter \u2013 vi hittar r\u00e4tt l\u00f6sning f\u00f6r dina behov och s\u00e4kerst\u00e4ller ett smidigt genomf\u00f6rande. <\/p>\n<p><strong>Med oss n\u00e5r din logistik tryggt fram \u2013 \u00e4ven under arktiska f\u00f6rh\u00e5llanden.<\/strong>[\/et_pb_text][\/et_pb_column][et_pb_column type=&#8221;1_3&#8243; _builder_version=&#8221;4.2.2&#8243;][et_pb_image src=&#8221;https:\/\/services.alpha-one.com\/wp-content\/uploads\/2025\/08\/logistic-transport02.jpg&#8221; _builder_version=&#8221;4.2.2&#8243;][\/et_pb_image][et_pb_image src=&#8221;https:\/\/services.alpha-one.com\/wp-content\/uploads\/2025\/08\/logistic-transport01.jpg&#8221; _builder_version=&#8221;4.2.2&#8243;][\/et_pb_image][et_pb_image src=&#8221;https:\/\/services.alpha-one.com\/wp-content\/uploads\/2025\/08\/logistic-transport03.jpg&#8221; _builder_version=&#8221;4.2.2&#8243;][\/et_pb_image][\/et_pb_column][\/et_pb_row][\/et_pb_section][et_pb_section fb_built=&#8221;1&#8243; admin_label=&#8221;Footer&#8221; module_id=&#8221;kontakt&#8221; _builder_version=&#8221;4.2.2&#8243; background_color=&#8221;#eaeaea&#8221; custom_margin=&#8221;||||false|false&#8221; custom_padding=&#8221;||0px|||&#8221; locked=&#8221;off&#8221;][et_pb_row column_structure=&#8221;1_2,1_2&#8243; _builder_version=&#8221;4.2.2&#8243; custom_padding=&#8221;||0px|||&#8221;][et_pb_column type=&#8221;1_2&#8243; _builder_version=&#8221;3.26.2&#8243;][et_pb_text _builder_version=&#8221;4.2.2&#8243; text_font=&#8221;||||||||&#8221; text_text_color=&#8221;#000000&#8243; text_font_size=&#8221;17px&#8221; text_line_height=&#8221;1.8em&#8221; header_2_font=&#8221;Montserrat|500|||||||&#8221; header_2_text_color=&#8221;#000000&#8243; header_2_font_size=&#8221;60px&#8221; header_2_line_height=&#8221;1.4em&#8221; header_3_font=&#8221;Heebo|800|||||||&#8221; header_3_font_size=&#8221;28px&#8221; header_3_line_height=&#8221;1.2em&#8221; text_font_size_tablet=&#8221;17px&#8221; text_font_size_phone=&#8221;14px&#8221; text_font_size_last_edited=&#8221;on|phone&#8221; header_2_font_size_tablet=&#8221;40px&#8221; header_2_font_size_phone=&#8221;24px&#8221; header_2_font_size_last_edited=&#8221;on|phone&#8221; header_3_font_tablet=&#8221;Heebo|700|||||||&#8221; header_3_font_phone=&#8221;&#8221; header_3_font_last_edited=&#8221;on|phone&#8221; header_3_font_size_tablet=&#8221;24px&#8221; header_3_font_size_phone=&#8221;18px&#8221; header_3_font_size_last_edited=&#8221;on|phone&#8221; locked=&#8221;off&#8221;]<\/p>\n<h2>Skicka f\u00f6rfr\u00e5gan nu!<\/h2>\n<p>Skicka g\u00e4rna din f\u00f6rfr\u00e5gan via v\u00e5rt serviceformul\u00e4r, s\u00e5 kontaktar vi dig inom kort.[\/et_pb_text][et_pb_blurb title=&#8221;Alpha One Adventures AB &#8221; use_icon=&#8221;on&#8221; font_icon=&#8221;%%249%%&#8221; icon_placement=&#8221;left&#8221; content_max_width=&#8221;100%&#8221; use_icon_font_size=&#8221;on&#8221; icon_font_size=&#8221;34px&#8221; _builder_version=&#8221;4.2.2&#8243; header_font=&#8221;Heebo|800|||||||&#8221; header_font_size=&#8221;16px&#8221; header_line_height=&#8221;1.5em&#8221; body_font=&#8221;||||||||&#8221; body_text_color=&#8221;#000000&#8243; body_font_size=&#8221;15px&#8221; body_line_height=&#8221;1.8em&#8221; hover_enabled=&#8221;0&#8243; header_font_size_tablet=&#8221;15px&#8221; header_font_size_phone=&#8221;14px&#8221; header_font_size_last_edited=&#8221;on|phone&#8221; body_font_size_tablet=&#8221;&#8221; body_font_size_phone=&#8221;14px&#8221; body_font_size_last_edited=&#8221;on|phone&#8221; locked=&#8221;off&#8221;]<\/p>\n<p style=\"text-align: left;\"><span data-olk-copy-source=\"MessageBody\">Nytagan 30<\/span><br \/>93332 Arvidsjaur<\/p>\n<p>[\/et_pb_blurb][\/et_pb_column][et_pb_column type=&#8221;1_2&#8243; _builder_version=&#8221;4.2.2&#8243; background_color=&#8221;#000000&#8243; background_color_gradient_direction=&#8221;140deg&#8221; transform_scale_tablet=&#8221;&#8221; transform_scale_phone=&#8221;&#8221; transform_scale_last_edited=&#8221;on|desktop&#8221; transform_translate=&#8221;0px|-120px&#8221; transform_translate_tablet=&#8221;0px|0px&#8221; transform_translate_phone=&#8221;&#8221; transform_translate_last_edited=&#8221;on|phone&#8221; transform_translate_linked=&#8221;off&#8221; transform_rotate_tablet=&#8221;&#8221; transform_rotate_phone=&#8221;&#8221; transform_rotate_last_edited=&#8221;on|desktop&#8221; transform_skew_tablet=&#8221;&#8221; transform_skew_phone=&#8221;&#8221; transform_skew_last_edited=&#8221;on|desktop&#8221; transform_origin_tablet=&#8221;&#8221; transform_origin_phone=&#8221;&#8221; transform_origin_last_edited=&#8221;on|desktop&#8221; transform_styles_last_edited=&#8221;on|phone&#8221; custom_padding=&#8221;60px|30px|60px|30px|true|true&#8221; transform_styles_tablet=&#8221;&#8221; transform_styles_phone=&#8221;&#8221; box_shadow_vertical__hover=&#8221;10px&#8221; box_shadow_vertical__hover_enabled=&#8221;off&#8221; box_shadow_blur__hover=&#8221;20px&#8221; box_shadow_blur__hover_enabled=&#8221;off&#8221; box_shadow_color__hover=&#8221;#2585b2&#8243;][et_pb_contact_form captcha=&#8221;off&#8221; module_id=&#8221;et_pb_contact_form_0&#8243; _builder_version=&#8221;4.2.2&#8243; form_field_background_color=&#8221;rgba(0,0,0,0)&#8221; form_field_text_color=&#8221;#ffffff&#8221; form_field_focus_background_color=&#8221;rgba(0,0,0,0)&#8221; form_field_custom_margin=&#8221;||30px||false|false&#8221; form_field_custom_padding=&#8221;|0px||0px|false|false&#8221; form_field_font=&#8221;Montserrat|||on|||||&#8221; custom_button=&#8221;on&#8221; button_text_size=&#8221;15px&#8221; button_text_color=&#8221;#000000&#8243; button_bg_color=&#8221;#d3df33&#8243; button_bg_color_gradient_direction=&#8221;148deg&#8221; button_border_width=&#8221;0px&#8221; button_border_radius=&#8221;0px&#8221; button_letter_spacing=&#8221;2px&#8221; button_font=&#8221;Montserrat|||on|||||&#8221; button_custom_padding=&#8221;15px|34px|15px|34px|true|true&#8221; border_color_all=&#8221;rgba(0,71,214,0.37)&#8221; border_width_bottom=&#8221;2px&#8221; border_color_bottom=&#8221;#ffffff&#8221; box_shadow_style_button=&#8221;preset3&#8243; box_shadow_vertical_button=&#8221;10px&#8221; box_shadow_blur_button=&#8221;30px&#8221; box_shadow_spread_button=&#8221;-10px&#8221; box_shadow_color_button=&#8221;rgba(255,142,96,0.39)&#8221; locked=&#8221;off&#8221;][et_pb_contact_field field_id=&#8221;Name&#8221; field_title=&#8221;Namn&#8221; fullwidth_field=&#8221;on&#8221; _builder_version=&#8221;4.2.2&#8243; button_text_size__hover_enabled=&#8221;off&#8221; button_one_text_size__hover_enabled=&#8221;off&#8221; button_two_text_size__hover_enabled=&#8221;off&#8221; button_text_color__hover_enabled=&#8221;off&#8221; button_one_text_color__hover_enabled=&#8221;off&#8221; button_two_text_color__hover_enabled=&#8221;off&#8221; button_border_width__hover_enabled=&#8221;off&#8221; button_one_border_width__hover_enabled=&#8221;off&#8221; button_two_border_width__hover_enabled=&#8221;off&#8221; button_border_color__hover_enabled=&#8221;off&#8221; button_one_border_color__hover_enabled=&#8221;off&#8221; button_two_border_color__hover_enabled=&#8221;off&#8221; button_border_radius__hover_enabled=&#8221;off&#8221; button_one_border_radius__hover_enabled=&#8221;off&#8221; button_two_border_radius__hover_enabled=&#8221;off&#8221; button_letter_spacing__hover_enabled=&#8221;off&#8221; button_one_letter_spacing__hover_enabled=&#8221;off&#8221; button_two_letter_spacing__hover_enabled=&#8221;off&#8221; button_bg_color__hover_enabled=&#8221;off&#8221; button_one_bg_color__hover_enabled=&#8221;off&#8221; button_two_bg_color__hover_enabled=&#8221;off&#8221;][\/et_pb_contact_field][et_pb_contact_field field_id=&#8221;Email&#8221; field_title=&#8221;E-postadress&#8221; field_type=&#8221;email&#8221; _builder_version=&#8221;4.2.2&#8243; button_text_size__hover_enabled=&#8221;off&#8221; button_one_text_size__hover_enabled=&#8221;off&#8221; button_two_text_size__hover_enabled=&#8221;off&#8221; button_text_color__hover_enabled=&#8221;off&#8221; button_one_text_color__hover_enabled=&#8221;off&#8221; button_two_text_color__hover_enabled=&#8221;off&#8221; button_border_width__hover_enabled=&#8221;off&#8221; button_one_border_width__hover_enabled=&#8221;off&#8221; button_two_border_width__hover_enabled=&#8221;off&#8221; button_border_color__hover_enabled=&#8221;off&#8221; button_one_border_color__hover_enabled=&#8221;off&#8221; button_two_border_color__hover_enabled=&#8221;off&#8221; button_border_radius__hover_enabled=&#8221;off&#8221; button_one_border_radius__hover_enabled=&#8221;off&#8221; button_two_border_radius__hover_enabled=&#8221;off&#8221; button_letter_spacing__hover_enabled=&#8221;off&#8221; button_one_letter_spacing__hover_enabled=&#8221;off&#8221; button_two_letter_spacing__hover_enabled=&#8221;off&#8221; button_bg_color__hover_enabled=&#8221;off&#8221; button_one_bg_color__hover_enabled=&#8221;off&#8221; button_two_bg_color__hover_enabled=&#8221;off&#8221;][\/et_pb_contact_field][et_pb_contact_field field_id=&#8221;Message&#8221; field_title=&#8221;Meddelande&#8221; field_type=&#8221;text&#8221; fullwidth_field=&#8221;on&#8221; _builder_version=&#8221;4.2.2&#8243; button_text_size__hover_enabled=&#8221;off&#8221; button_one_text_size__hover_enabled=&#8221;off&#8221; button_two_text_size__hover_enabled=&#8221;off&#8221; button_text_color__hover_enabled=&#8221;off&#8221; button_one_text_color__hover_enabled=&#8221;off&#8221; button_two_text_color__hover_enabled=&#8221;off&#8221; button_border_width__hover_enabled=&#8221;off&#8221; button_one_border_width__hover_enabled=&#8221;off&#8221; button_two_border_width__hover_enabled=&#8221;off&#8221; button_border_color__hover_enabled=&#8221;off&#8221; button_one_border_color__hover_enabled=&#8221;off&#8221; button_two_border_color__hover_enabled=&#8221;off&#8221; button_border_radius__hover_enabled=&#8221;off&#8221; button_one_border_radius__hover_enabled=&#8221;off&#8221; button_two_border_radius__hover_enabled=&#8221;off&#8221; button_letter_spacing__hover_enabled=&#8221;off&#8221; button_one_letter_spacing__hover_enabled=&#8221;off&#8221; button_two_letter_spacing__hover_enabled=&#8221;off&#8221; button_bg_color__hover_enabled=&#8221;off&#8221; button_one_bg_color__hover_enabled=&#8221;off&#8221; button_two_bg_color__hover_enabled=&#8221;off&#8221;][\/et_pb_contact_field][\/et_pb_contact_form][\/et_pb_column][\/et_pb_row][\/et_pb_section]<\/p>\n","protected":false},"excerpt":{"rendered":"<p>[et_pb_section fb_built=&#8221;1&#8243; _builder_version=&#8221;4.2.2&#8243; background_color=&#8221;#000504&#8243; background_enable_image=&#8221;off&#8221; parallax=&#8221;on&#8221; custom_padding=&#8221;||100px||false|false&#8221;][et_pb_row column_structure=&#8221;1_2,1_2&#8243; module_id=&#8221;kontakt&#8221; _builder_version=&#8221;4.2.2&#8243;][et_pb_column type=&#8221;1_2&#8243; _builder_version=&#8221;3.26.2&#8243;][et_pb_text _builder_version=&#8221;4.2.2&#8243; text_font=&#8221;Montserrat||||||||&#8221; text_text_color=&#8221;#ffffff&#8221; header_font=&#8221;Montserrat||||||||&#8221; header_font_size=&#8221;100px&#8221; header_line_height=&#8221;1.2em&#8221; header_3_font=&#8221;Montserrat|600|||||||&#8221; header_3_font_size=&#8221;20px&#8221; header_3_line_height=&#8221;1.4em&#8221; background_layout=&#8221;dark&#8221; header_font_size_tablet=&#8221;70px&#8221; header_font_size_phone=&#8221;36px&#8221; header_font_size_last_edited=&#8221;on|phone&#8221; locked=&#8221;off&#8221;] Industry Services [\/et_pb_text][et_pb_text _builder_version=&#8221;4.2.2&#8243; text_font=&#8221;Montserrat||||||||&#8221; text_text_color=&#8221;#ffffff&#8221; header_3_font=&#8221;Montserrat|600|||||||&#8221; header_3_text_color=&#8221;#ffffff&#8221; header_3_line_height=&#8221;1.5em&#8221;] V\u00e5ra tj\u00e4nstekomponenter i \u00f6versikt: Ice Track Preparations Maintenance Services Logistics &amp; Transports [\/et_pb_text][et_pb_button button_url=&#8221;#kontakt&#8221; button_text=&#8221;Skicka f\u00f6rfr\u00e5gan nu&#8221; _builder_version=&#8221;4.2.2&#8243; custom_button=&#8221;on&#8221; button_text_size=&#8221;15px&#8221; [&hellip;]<\/p>\n","protected":false},"author":1,"featured_media":0,"parent":0,"menu_order":0,"comment_status":"closed","ping_status":"closed","template":"","meta":{"_et_pb_use_builder":"on","_et_pb_old_content":"","_et_gb_content_width":"","footnotes":""},"class_list":["post-301","page","type-page","status-publish","hentry"],"_links":{"self":[{"href":"https:\/\/services.alpha-one.com\/sv\/wp-json\/wp\/v2\/pages\/301","targetHints":{"allow":["GET"]}}],"collection":[{"href":"https:\/\/services.alpha-one.com\/sv\/wp-json\/wp\/v2\/pages"}],"about":[{"href":"https:\/\/services.alpha-one.com\/sv\/wp-json\/wp\/v2\/types\/page"}],"author":[{"embeddable":true,"href":"https:\/\/services.alpha-one.com\/sv\/wp-json\/wp\/v2\/users\/1"}],"replies":[{"embeddable":true,"href":"https:\/\/services.alpha-one.com\/sv\/wp-json\/wp\/v2\/comments?post=301"}],"version-history":[{"count":6,"href":"https:\/\/services.alpha-one.com\/sv\/wp-json\/wp\/v2\/pages\/301\/revisions"}],"predecessor-version":[{"id":489,"href":"https:\/\/services.alpha-one.com\/sv\/wp-json\/wp\/v2\/pages\/301\/revisions\/489"}],"wp:attachment":[{"href":"https:\/\/services.alpha-one.com\/sv\/wp-json\/wp\/v2\/media?parent=301"}],"curies":[{"name":"wp","href":"https:\/\/api.w.org\/{rel}","templated":true}]}}