{"id":278,"date":"2025-08-29T12:32:41","date_gmt":"2025-08-29T10:32:41","guid":{"rendered":"https:\/\/services.alpha-one.com\/agency-services\/"},"modified":"2026-03-31T11:26:27","modified_gmt":"2026-03-31T09:26:27","slug":"agency-services","status":"publish","type":"page","link":"https:\/\/services.alpha-one.com\/sv\/agency-services\/","title":{"rendered":"Agency Services"},"content":{"rendered":"<p>[et_pb_section fb_built=&#8221;1&#8243; _builder_version=&#8221;4.2.2&#8243; background_color=&#8221;#000504&#8243; background_enable_image=&#8221;off&#8221; parallax=&#8221;on&#8221; custom_padding=&#8221;||100px||false|false&#8221;][et_pb_row column_structure=&#8221;1_2,1_2&#8243; _builder_version=&#8221;3.26.2&#8243;][et_pb_column type=&#8221;1_2&#8243; _builder_version=&#8221;3.26.2&#8243;][et_pb_text _builder_version=&#8221;4.2.2&#8243; text_font=&#8221;Montserrat||||||||&#8221; text_text_color=&#8221;#ffffff&#8221; header_font=&#8221;Montserrat||||||||&#8221; header_font_size=&#8221;100px&#8221; header_line_height=&#8221;1.2em&#8221; header_3_font=&#8221;Montserrat|600|||||||&#8221; header_3_font_size=&#8221;20px&#8221; header_3_line_height=&#8221;1.4em&#8221; background_layout=&#8221;dark&#8221; header_font_size_tablet=&#8221;70px&#8221; header_font_size_phone=&#8221;36px&#8221; header_font_size_last_edited=&#8221;on|phone&#8221; locked=&#8221;off&#8221;]<\/p>\n<h1>Agency <span style=\"color: #dcdc00;\">Services<\/span><\/h1>\n<p>[\/et_pb_text][et_pb_text _builder_version=&#8221;4.2.2&#8243; text_font=&#8221;Montserrat||||||||&#8221; text_text_color=&#8221;#ffffff&#8221; header_3_font=&#8221;Montserrat|600|||||||&#8221; header_3_text_color=&#8221;#ffffff&#8221; header_3_line_height=&#8221;1.6em&#8221;]<\/p>\n<h3><strong>V\u00e5ra tj\u00e4nstekomponenter<br \/>\ni \u00f6versikt:<\/strong><\/h3>\n<ul>\n<li>Booking &amp; Travel Management<\/li>\n<li>Project Management on Site<\/li>\n<li>Content Support<\/li>\n<\/ul>\n<p>[\/et_pb_text][et_pb_button button_url=&#8221;#kontakt&#8221; button_text=&#8221;Skicka f\u00f6rfr\u00e5gan nu&#8221; _builder_version=&#8221;4.2.2&#8243; custom_button=&#8221;on&#8221; button_text_size=&#8221;15px&#8221; button_text_color=&#8221;#000000&#8243; button_bg_color=&#8221;#dcdc00&#8243; button_bg_color_gradient_start=&#8221;#ffb565&#8243; button_bg_color_gradient_end=&#8221;#ff8e60&#8243; button_bg_color_gradient_direction=&#8221;148deg&#8221; button_border_width=&#8221;0px&#8221; button_border_radius=&#8221;0px&#8221; button_letter_spacing=&#8221;3px&#8221; button_font=&#8221;Montserrat|||on|||||&#8221; custom_padding=&#8221;15px|34px|15px|34px|true|true&#8221; box_shadow_style=&#8221;preset3&#8243; box_shadow_vertical=&#8221;10px&#8221; box_shadow_blur=&#8221;30px&#8221; box_shadow_spread=&#8221;-10px&#8221; box_shadow_color=&#8221;rgba(255,142,96,0.39)&#8221; locked=&#8221;off&#8221; box_shadow_color__hover=&#8221;#2585b2&#8243; box_shadow_blur__hover_enabled=&#8221;off&#8221; box_shadow_blur__hover=&#8221;20px&#8221; box_shadow_vertical__hover_enabled=&#8221;off&#8221; box_shadow_vertical__hover=&#8221;10px&#8221;][\/et_pb_button][\/et_pb_column][et_pb_column type=&#8221;1_2&#8243; _builder_version=&#8221;3.26.2&#8243;][et_pb_image src=&#8221;https:\/\/services.alpha-one.com\/wp-content\/uploads\/2025\/08\/agentur-services.jpg&#8221; _builder_version=&#8221;4.2.2&#8243;][\/et_pb_image][\/et_pb_column][\/et_pb_row][\/et_pb_section][et_pb_section fb_built=&#8221;1&#8243; _builder_version=&#8221;4.2.2&#8243; background_enable_color=&#8221;off&#8221; custom_padding=&#8221;100px||100px||false|false&#8221;][et_pb_row column_structure=&#8221;2_3,1_3&#8243; _builder_version=&#8221;4.2.2&#8243; custom_margin=&#8221;||||false|false&#8221; locked=&#8221;off&#8221;][et_pb_column type=&#8221;2_3&#8243; _builder_version=&#8221;3.26.2&#8243;][et_pb_text _builder_version=&#8221;4.2.2&#8243; text_font=&#8221;Montserrat||||||||&#8221; text_text_color=&#8221;#1e2325&#8243; text_font_size=&#8221;17px&#8221; text_line_height=&#8221;1.8em&#8221; header_font=&#8221;Montserrat||||||||&#8221; header_line_height=&#8221;1.4em&#8221; header_2_font=&#8221;Montserrat||||||||&#8221; header_2_text_color=&#8221;#1e2325&#8243; header_2_font_size=&#8221;50px&#8221; header_2_line_height=&#8221;1.2em&#8221; background_layout=&#8221;dark&#8221; custom_margin=&#8221;||||false|false&#8221; text_font_size_tablet=&#8221;17px&#8221; text_font_size_phone=&#8221;14px&#8221; text_font_size_last_edited=&#8221;on|phone&#8221; header_2_font_size_tablet=&#8221;40px&#8221; header_2_font_size_phone=&#8221;24px&#8221; header_2_font_size_last_edited=&#8221;on|phone&#8221; locked=&#8221;off&#8221;]<\/p>\n<h2>Booking &amp; Travel Management<\/h2>\n<p><em>Din vistelse, perfekt organiserad<\/em><\/p>\n<p>Som en del av v\u00e5ra agenturtj\u00e4nster tar vi hand om hela boknings- och resehanteringen \u2013 effektivt, individuellt och p\u00e5litligt. Fr\u00e5n ankomst till avresa ser vi till att alla detaljer hanteras, allt fr\u00e5n en och samma k\u00e4lla och anpassat efter dina specifika behov. <\/p>\n<p><strong>V\u00e5ra tj\u00e4nster i \u00f6versikt:<\/strong><\/p>\n<ul>\n<li>Bokning av flyg, transfer, boende och lokaler<\/li>\n<li>Resplanering f\u00f6r privatpersoner, grupper och team, industripartner och specialprojekt<\/li>\n<li>Koordinering p\u00e5 plats inklusive k\u00f6r- och shuttleservice <\/li>\n<li>Support vid kortfristiga \u00e4ndringar eller special\u00f6nskem\u00e5l<\/li>\n<li>24\/7 support under hela vistelsen inklusive f\u00f6rs\u00e4kringstj\u00e4nster <\/li>\n<li>Internationell betalningshantering inklusive momsadministration <\/li>\n<\/ul>\n<p>Oavsett om det g\u00e4ller aff\u00e4rsresor, OEM-projekt, produkttester, event eller produktioner \u2013 vi s\u00e4kerst\u00e4ller smidiga processer, skr\u00e4ddarsydda l\u00f6sningar och maximal komfort i varje fas.<\/p>\n<p><strong>Med oss reser du stressfritt \u2013 individuellt planerat, professionellt genomf\u00f6rt.<\/strong>[\/et_pb_text][\/et_pb_column][et_pb_column type=&#8221;1_3&#8243; _builder_version=&#8221;3.26.2&#8243;][et_pb_image src=&#8221;https:\/\/services.alpha-one.com\/wp-content\/uploads\/2025\/08\/Travel-Management02.jpg&#8221; _builder_version=&#8221;4.2.2&#8243;][\/et_pb_image][et_pb_image src=&#8221;https:\/\/services.alpha-one.com\/wp-content\/uploads\/2025\/08\/Travel-Management03.jpg&#8221; _builder_version=&#8221;4.2.2&#8243;][\/et_pb_image][et_pb_image src=&#8221;https:\/\/services.alpha-one.com\/wp-content\/uploads\/2025\/08\/Travel-Management01.jpg&#8221; _builder_version=&#8221;4.2.2&#8243;][\/et_pb_image][\/et_pb_column][\/et_pb_row][et_pb_row column_structure=&#8221;1_3,2_3&#8243; _builder_version=&#8221;4.2.2&#8243; custom_margin=&#8221;100px||||false|false&#8221;][et_pb_column type=&#8221;1_3&#8243; _builder_version=&#8221;4.2.2&#8243;][et_pb_image src=&#8221;https:\/\/services.alpha-one.com\/wp-content\/uploads\/2025\/08\/projektmanagement01.jpg&#8221; _builder_version=&#8221;4.2.2&#8243;][\/et_pb_image][et_pb_image src=&#8221;https:\/\/services.alpha-one.com\/wp-content\/uploads\/2025\/08\/projektmanagement02.jpg&#8221; _builder_version=&#8221;4.2.2&#8243;][\/et_pb_image][et_pb_image src=&#8221;https:\/\/services.alpha-one.com\/wp-content\/uploads\/2025\/08\/projektmanagement03.jpg&#8221; _builder_version=&#8221;4.2.2&#8243;][\/et_pb_image][\/et_pb_column][et_pb_column type=&#8221;2_3&#8243; _builder_version=&#8221;4.2.2&#8243;][et_pb_text _builder_version=&#8221;4.2.2&#8243; text_font=&#8221;Montserrat||||||||&#8221; text_text_color=&#8221;#1e2325&#8243; text_font_size=&#8221;17px&#8221; text_line_height=&#8221;1.8em&#8221; header_font=&#8221;Montserrat||||||||&#8221; header_line_height=&#8221;1.4em&#8221; header_2_font=&#8221;Montserrat||||||||&#8221; header_2_text_color=&#8221;#1e2325&#8243; header_2_font_size=&#8221;50px&#8221; header_2_line_height=&#8221;1.2em&#8221; background_layout=&#8221;dark&#8221; custom_margin=&#8221;||||false|false&#8221; text_font_size_tablet=&#8221;17px&#8221; text_font_size_phone=&#8221;14px&#8221; text_font_size_last_edited=&#8221;on|phone&#8221; header_2_font_size_tablet=&#8221;40px&#8221; header_2_font_size_phone=&#8221;24px&#8221; header_2_font_size_last_edited=&#8221;on|phone&#8221;]<\/p>\n<h2>Project Management<br \/>\non Site<\/h2>\n<p><em>Tillf\u00f6rlitlig genomf\u00f6rande p\u00e5 plats<\/em><\/p>\n<p>Vi erbjuder dig en helt\u00e4ckande projektledning direkt p\u00e5 plats \u2013 personligt, effektivt och flexibelt. I n\u00e4ra samarbete tar vi \u00f6ver den operativa styrningen och koordineringen av dina projekt, agerar snabbt p\u00e5 f\u00f6r\u00e4ndringar och s\u00e4kerst\u00e4ller att alla processer samverkar smidigt. V\u00e5rt arbetss\u00e4tt \u00e4r l\u00f6sningsorienterat och partnerskapsbaserat \u2013 med m\u00e5let att genomf\u00f6ra dina projekt i tid, professionellt och l\u00e5ngsiktigt framg\u00e5ngsrikt \u2013 \u00e4ven under dynamiska f\u00f6ruts\u00e4ttningar.  <\/p>\n<p><strong>V\u00e5ra tj\u00e4nster i \u00f6versikt:<\/strong><\/p>\n<ul>\n<li>Projektkoordinering och support p\u00e5 plats<\/li>\n<li>Samordning med externa tj\u00e4nsteleverant\u00f6rer, partners och team<\/li>\n<li>Tids-, resurs- och kvalitetsstyrning<\/li>\n<li>Flexibelt agerande vid kortfristiga behov<\/li>\n<li>Transparent kommunikation och dokumentation<\/li>\n<li>Tillst\u00e5ndshantering<\/li>\n<\/ul>\n<p>Med erfarenhet, \u00f6verblick och en praktisk inst\u00e4llning s\u00e4kerst\u00e4ller vi ett smidigt genomf\u00f6rande \u2013 fr\u00e5n den f\u00f6rsta f\u00f6rberedelsen till det framg\u00e5ngsrika avslutet.<\/p>\n<p><strong>Lita p\u00e5 professionell projektledning \u2013 precis d\u00e4r den beh\u00f6vs.<\/strong>[\/et_pb_text][\/et_pb_column][\/et_pb_row][et_pb_row column_structure=&#8221;2_3,1_3&#8243; _builder_version=&#8221;4.2.2&#8243; custom_margin=&#8221;100px||||false|false&#8221;][et_pb_column type=&#8221;2_3&#8243; _builder_version=&#8221;4.2.2&#8243;][et_pb_text _builder_version=&#8221;4.2.2&#8243; text_font=&#8221;Montserrat||||||||&#8221; text_text_color=&#8221;#1e2325&#8243; text_font_size=&#8221;17px&#8221; text_line_height=&#8221;1.8em&#8221; header_font=&#8221;Montserrat||||||||&#8221; header_line_height=&#8221;1.4em&#8221; header_2_font=&#8221;Montserrat||||||||&#8221; header_2_text_color=&#8221;#1e2325&#8243; header_2_font_size=&#8221;50px&#8221; header_2_line_height=&#8221;1.2em&#8221; background_layout=&#8221;dark&#8221; custom_margin=&#8221;||||false|false&#8221; text_font_size_tablet=&#8221;17px&#8221; text_font_size_phone=&#8221;14px&#8221; text_font_size_last_edited=&#8221;on|phone&#8221; header_2_font_size_tablet=&#8221;40px&#8221; header_2_font_size_phone=&#8221;24px&#8221; header_2_font_size_last_edited=&#8221;on|phone&#8221;]<\/p>\n<h2>Content Support<\/h2>\n<p><em>Ditt projekt professionellt iscensatt<\/em><\/p>\n<p>Som en del av v\u00e5ra agenturtj\u00e4nster erbjuder vi inneh\u00e5llsst\u00f6d som utg\u00e5r direkt d\u00e4r ditt material skapas \u2013 f\u00f6r h\u00f6gkvalitativt, autentiskt inneh\u00e5ll som effektivt f\u00f6rmedlar dina budskap.<br \/>Oavsett om det g\u00e4ller produktlansering, testk\u00f6rning, produktion eller event f\u00f6ljer vi ditt projekt med ett tr\u00e4nat \u00f6ga f\u00f6r speciella \u00f6gonblick och relevanta detaljer. V\u00e5rt team p\u00e5 plats s\u00e4kerst\u00e4ller att bild-, video- och textmaterial planeras strategiskt, produceras direkt p\u00e5 plats och bearbetas s\u00f6ml\u00f6st \u2013 f\u00f6r sociala medier, press, intern kommunikation eller marknadsf\u00f6ring. <\/p>\n<p><strong>V\u00e5ra tj\u00e4nster i \u00f6versikt:<\/strong><\/p>\n<ul>\n<li>Inneh\u00e5llsplanering och redaktionella koncept<\/li>\n<li>Foto- och videost\u00f6d av erfarna proffs<\/li>\n<li>Intervjuer, behind-the-scenes, st\u00e4mningsbilder<\/li>\n<li>Snabb leverans av material f\u00f6r realtidskommunikation<\/li>\n<li>Samordning med mediepartners, akt\u00f6rer eller ditt content-team<\/li>\n<li>Distribution i alla relevanta medier och sociala kanaler<\/li>\n<\/ul>\n<p><strong>Professionellt, flexibelt och alltid n\u00e4ra h\u00e4ndelsernas centrum \u2013 vi levererar ditt inneh\u00e5ll exakt dit d\u00e4r det g\u00f6r st\u00f6rst effekt.<\/strong>[\/et_pb_text][\/et_pb_column][et_pb_column type=&#8221;1_3&#8243; _builder_version=&#8221;4.2.2&#8243;][et_pb_image src=&#8221;https:\/\/services.alpha-one.com\/wp-content\/uploads\/2025\/08\/contentbegleitung01.jpg&#8221; _builder_version=&#8221;4.2.2&#8243;][\/et_pb_image][et_pb_image src=&#8221;https:\/\/services.alpha-one.com\/wp-content\/uploads\/2025\/08\/contentbegleitung02.jpg&#8221; _builder_version=&#8221;4.2.2&#8243;][\/et_pb_image][et_pb_image src=&#8221;https:\/\/services.alpha-one.com\/wp-content\/uploads\/2025\/08\/contentbegleitung03.jpg&#8221; _builder_version=&#8221;4.2.2&#8243;][\/et_pb_image][\/et_pb_column][\/et_pb_row][\/et_pb_section][et_pb_section fb_built=&#8221;1&#8243; admin_label=&#8221;Footer&#8221; _builder_version=&#8221;4.2.2&#8243; background_color=&#8221;#eaeaea&#8221; custom_margin=&#8221;||||false|false&#8221; custom_padding=&#8221;||0px|||&#8221; locked=&#8221;off&#8221;][et_pb_row column_structure=&#8221;1_2,1_2&#8243; module_id=&#8221;kontakt&#8221; _builder_version=&#8221;4.2.2&#8243; custom_padding=&#8221;||0px|||&#8221;][et_pb_column type=&#8221;1_2&#8243; _builder_version=&#8221;3.26.2&#8243;][et_pb_text _builder_version=&#8221;4.2.2&#8243; text_font=&#8221;||||||||&#8221; text_text_color=&#8221;#000000&#8243; text_font_size=&#8221;17px&#8221; text_line_height=&#8221;1.8em&#8221; header_2_font=&#8221;Montserrat|500|||||||&#8221; header_2_text_color=&#8221;#000000&#8243; header_2_font_size=&#8221;60px&#8221; header_2_line_height=&#8221;1.4em&#8221; header_3_font=&#8221;Heebo|800|||||||&#8221; header_3_font_size=&#8221;28px&#8221; header_3_line_height=&#8221;1.2em&#8221; text_font_size_tablet=&#8221;17px&#8221; text_font_size_phone=&#8221;14px&#8221; text_font_size_last_edited=&#8221;on|phone&#8221; header_2_font_size_tablet=&#8221;40px&#8221; header_2_font_size_phone=&#8221;24px&#8221; header_2_font_size_last_edited=&#8221;on|phone&#8221; header_3_font_tablet=&#8221;Heebo|700|||||||&#8221; header_3_font_phone=&#8221;&#8221; header_3_font_last_edited=&#8221;on|phone&#8221; header_3_font_size_tablet=&#8221;24px&#8221; header_3_font_size_phone=&#8221;18px&#8221; header_3_font_size_last_edited=&#8221;on|phone&#8221; locked=&#8221;off&#8221;]<\/p>\n<h2>Skicka f\u00f6rfr\u00e5gan nu!<\/h2>\n<p>Skicka g\u00e4rna din f\u00f6rfr\u00e5gan via v\u00e5rt serviceformul\u00e4r, s\u00e5 kontaktar vi dig inom kort.[\/et_pb_text][et_pb_blurb title=&#8221;Alpha One Adventures AB &#8221; use_icon=&#8221;on&#8221; font_icon=&#8221;%%249%%&#8221; icon_placement=&#8221;left&#8221; content_max_width=&#8221;100%&#8221; use_icon_font_size=&#8221;on&#8221; icon_font_size=&#8221;34px&#8221; _builder_version=&#8221;4.2.2&#8243; header_font=&#8221;Heebo|800|||||||&#8221; header_font_size=&#8221;16px&#8221; header_line_height=&#8221;1.5em&#8221; body_font=&#8221;||||||||&#8221; body_text_color=&#8221;#000000&#8243; body_font_size=&#8221;15px&#8221; body_line_height=&#8221;1.8em&#8221; hover_enabled=&#8221;0&#8243; header_font_size_tablet=&#8221;15px&#8221; header_font_size_phone=&#8221;14px&#8221; header_font_size_last_edited=&#8221;on|phone&#8221; body_font_size_tablet=&#8221;&#8221; body_font_size_phone=&#8221;14px&#8221; body_font_size_last_edited=&#8221;on|phone&#8221; locked=&#8221;off&#8221;]<\/p>\n<p style=\"text-align: left;\"><span data-olk-copy-source=\"MessageBody\">Nytagan 30<\/span><br \/>93332 Arvidsjaur<\/p>\n<p>[\/et_pb_blurb][\/et_pb_column][et_pb_column type=&#8221;1_2&#8243; _builder_version=&#8221;4.2.2&#8243; background_color=&#8221;#000000&#8243; background_color_gradient_direction=&#8221;140deg&#8221; transform_scale_tablet=&#8221;&#8221; transform_scale_phone=&#8221;&#8221; transform_scale_last_edited=&#8221;on|desktop&#8221; transform_translate=&#8221;0px|-120px&#8221; transform_translate_tablet=&#8221;0px|0px&#8221; transform_translate_phone=&#8221;&#8221; transform_translate_last_edited=&#8221;on|phone&#8221; transform_translate_linked=&#8221;off&#8221; transform_rotate_tablet=&#8221;&#8221; transform_rotate_phone=&#8221;&#8221; transform_rotate_last_edited=&#8221;on|desktop&#8221; transform_skew_tablet=&#8221;&#8221; transform_skew_phone=&#8221;&#8221; transform_skew_last_edited=&#8221;on|desktop&#8221; transform_origin_tablet=&#8221;&#8221; transform_origin_phone=&#8221;&#8221; transform_origin_last_edited=&#8221;on|desktop&#8221; transform_styles_last_edited=&#8221;on|phone&#8221; custom_padding=&#8221;60px|30px|60px|30px|true|true&#8221; transform_styles_tablet=&#8221;&#8221; transform_styles_phone=&#8221;&#8221; box_shadow_vertical__hover=&#8221;10px&#8221; box_shadow_vertical__hover_enabled=&#8221;off&#8221; box_shadow_blur__hover=&#8221;20px&#8221; box_shadow_blur__hover_enabled=&#8221;off&#8221; box_shadow_color__hover=&#8221;#2585b2&#8243;][et_pb_contact_form captcha=&#8221;off&#8221; module_id=&#8221;et_pb_contact_form_0&#8243; _builder_version=&#8221;4.2.2&#8243; form_field_background_color=&#8221;rgba(0,0,0,0)&#8221; form_field_text_color=&#8221;#ffffff&#8221; form_field_focus_background_color=&#8221;rgba(0,0,0,0)&#8221; form_field_custom_margin=&#8221;||30px||false|false&#8221; form_field_custom_padding=&#8221;|0px||0px|false|false&#8221; form_field_font=&#8221;Montserrat|||on|||||&#8221; custom_button=&#8221;on&#8221; button_text_size=&#8221;15px&#8221; button_text_color=&#8221;#000000&#8243; button_bg_color=&#8221;#d3df33&#8243; button_bg_color_gradient_direction=&#8221;148deg&#8221; button_border_width=&#8221;0px&#8221; button_border_radius=&#8221;0px&#8221; button_letter_spacing=&#8221;2px&#8221; button_font=&#8221;Montserrat|||on|||||&#8221; button_custom_padding=&#8221;15px|34px|15px|34px|true|true&#8221; border_color_all=&#8221;rgba(0,71,214,0.37)&#8221; border_width_bottom=&#8221;2px&#8221; border_color_bottom=&#8221;#ffffff&#8221; box_shadow_style_button=&#8221;preset3&#8243; box_shadow_vertical_button=&#8221;10px&#8221; box_shadow_blur_button=&#8221;30px&#8221; box_shadow_spread_button=&#8221;-10px&#8221; box_shadow_color_button=&#8221;rgba(255,142,96,0.39)&#8221; locked=&#8221;off&#8221;][et_pb_contact_field field_id=&#8221;Name&#8221; field_title=&#8221;Namn&#8221; fullwidth_field=&#8221;on&#8221; _builder_version=&#8221;4.2.2&#8243; button_text_size__hover_enabled=&#8221;off&#8221; button_one_text_size__hover_enabled=&#8221;off&#8221; button_two_text_size__hover_enabled=&#8221;off&#8221; button_text_color__hover_enabled=&#8221;off&#8221; button_one_text_color__hover_enabled=&#8221;off&#8221; button_two_text_color__hover_enabled=&#8221;off&#8221; button_border_width__hover_enabled=&#8221;off&#8221; button_one_border_width__hover_enabled=&#8221;off&#8221; button_two_border_width__hover_enabled=&#8221;off&#8221; button_border_color__hover_enabled=&#8221;off&#8221; button_one_border_color__hover_enabled=&#8221;off&#8221; button_two_border_color__hover_enabled=&#8221;off&#8221; button_border_radius__hover_enabled=&#8221;off&#8221; button_one_border_radius__hover_enabled=&#8221;off&#8221; button_two_border_radius__hover_enabled=&#8221;off&#8221; button_letter_spacing__hover_enabled=&#8221;off&#8221; button_one_letter_spacing__hover_enabled=&#8221;off&#8221; button_two_letter_spacing__hover_enabled=&#8221;off&#8221; button_bg_color__hover_enabled=&#8221;off&#8221; button_one_bg_color__hover_enabled=&#8221;off&#8221; button_two_bg_color__hover_enabled=&#8221;off&#8221;][\/et_pb_contact_field][et_pb_contact_field field_id=&#8221;Email&#8221; field_title=&#8221;E-postadress&#8221; field_type=&#8221;email&#8221; _builder_version=&#8221;4.2.2&#8243; button_text_size__hover_enabled=&#8221;off&#8221; button_one_text_size__hover_enabled=&#8221;off&#8221; button_two_text_size__hover_enabled=&#8221;off&#8221; button_text_color__hover_enabled=&#8221;off&#8221; button_one_text_color__hover_enabled=&#8221;off&#8221; button_two_text_color__hover_enabled=&#8221;off&#8221; button_border_width__hover_enabled=&#8221;off&#8221; button_one_border_width__hover_enabled=&#8221;off&#8221; button_two_border_width__hover_enabled=&#8221;off&#8221; button_border_color__hover_enabled=&#8221;off&#8221; button_one_border_color__hover_enabled=&#8221;off&#8221; button_two_border_color__hover_enabled=&#8221;off&#8221; button_border_radius__hover_enabled=&#8221;off&#8221; button_one_border_radius__hover_enabled=&#8221;off&#8221; button_two_border_radius__hover_enabled=&#8221;off&#8221; button_letter_spacing__hover_enabled=&#8221;off&#8221; button_one_letter_spacing__hover_enabled=&#8221;off&#8221; button_two_letter_spacing__hover_enabled=&#8221;off&#8221; button_bg_color__hover_enabled=&#8221;off&#8221; button_one_bg_color__hover_enabled=&#8221;off&#8221; button_two_bg_color__hover_enabled=&#8221;off&#8221;][\/et_pb_contact_field][et_pb_contact_field field_id=&#8221;Message&#8221; field_title=&#8221;Meddelande&#8221; field_type=&#8221;text&#8221; fullwidth_field=&#8221;on&#8221; _builder_version=&#8221;4.2.2&#8243; button_text_size__hover_enabled=&#8221;off&#8221; button_one_text_size__hover_enabled=&#8221;off&#8221; button_two_text_size__hover_enabled=&#8221;off&#8221; button_text_color__hover_enabled=&#8221;off&#8221; button_one_text_color__hover_enabled=&#8221;off&#8221; button_two_text_color__hover_enabled=&#8221;off&#8221; button_border_width__hover_enabled=&#8221;off&#8221; button_one_border_width__hover_enabled=&#8221;off&#8221; button_two_border_width__hover_enabled=&#8221;off&#8221; button_border_color__hover_enabled=&#8221;off&#8221; button_one_border_color__hover_enabled=&#8221;off&#8221; button_two_border_color__hover_enabled=&#8221;off&#8221; button_border_radius__hover_enabled=&#8221;off&#8221; button_one_border_radius__hover_enabled=&#8221;off&#8221; button_two_border_radius__hover_enabled=&#8221;off&#8221; button_letter_spacing__hover_enabled=&#8221;off&#8221; button_one_letter_spacing__hover_enabled=&#8221;off&#8221; button_two_letter_spacing__hover_enabled=&#8221;off&#8221; button_bg_color__hover_enabled=&#8221;off&#8221; button_one_bg_color__hover_enabled=&#8221;off&#8221; button_two_bg_color__hover_enabled=&#8221;off&#8221;][\/et_pb_contact_field][\/et_pb_contact_form][\/et_pb_column][\/et_pb_row][\/et_pb_section]<\/p>\n","protected":false},"excerpt":{"rendered":"<p>[et_pb_section fb_built=&#8221;1&#8243; _builder_version=&#8221;4.2.2&#8243; background_color=&#8221;#000504&#8243; background_enable_image=&#8221;off&#8221; parallax=&#8221;on&#8221; custom_padding=&#8221;||100px||false|false&#8221;][et_pb_row column_structure=&#8221;1_2,1_2&#8243; _builder_version=&#8221;3.26.2&#8243;][et_pb_column type=&#8221;1_2&#8243; _builder_version=&#8221;3.26.2&#8243;][et_pb_text _builder_version=&#8221;4.2.2&#8243; text_font=&#8221;Montserrat||||||||&#8221; text_text_color=&#8221;#ffffff&#8221; header_font=&#8221;Montserrat||||||||&#8221; header_font_size=&#8221;100px&#8221; header_line_height=&#8221;1.2em&#8221; header_3_font=&#8221;Montserrat|600|||||||&#8221; header_3_font_size=&#8221;20px&#8221; header_3_line_height=&#8221;1.4em&#8221; background_layout=&#8221;dark&#8221; header_font_size_tablet=&#8221;70px&#8221; header_font_size_phone=&#8221;36px&#8221; header_font_size_last_edited=&#8221;on|phone&#8221; locked=&#8221;off&#8221;] Agency Services [\/et_pb_text][et_pb_text _builder_version=&#8221;4.2.2&#8243; text_font=&#8221;Montserrat||||||||&#8221; text_text_color=&#8221;#ffffff&#8221; header_3_font=&#8221;Montserrat|600|||||||&#8221; header_3_text_color=&#8221;#ffffff&#8221; header_3_line_height=&#8221;1.6em&#8221;] V\u00e5ra tj\u00e4nstekomponenter i \u00f6versikt: Booking &amp; Travel Management Project Management on Site Content Support [\/et_pb_text][et_pb_button button_url=&#8221;#kontakt&#8221; button_text=&#8221;Skicka f\u00f6rfr\u00e5gan nu&#8221; _builder_version=&#8221;4.2.2&#8243; custom_button=&#8221;on&#8221; [&hellip;]<\/p>\n","protected":false},"author":1,"featured_media":0,"parent":0,"menu_order":0,"comment_status":"closed","ping_status":"closed","template":"","meta":{"_et_pb_use_builder":"on","_et_pb_old_content":"","_et_gb_content_width":"","footnotes":""},"class_list":["post-278","page","type-page","status-publish","hentry"],"_links":{"self":[{"href":"https:\/\/services.alpha-one.com\/sv\/wp-json\/wp\/v2\/pages\/278","targetHints":{"allow":["GET"]}}],"collection":[{"href":"https:\/\/services.alpha-one.com\/sv\/wp-json\/wp\/v2\/pages"}],"about":[{"href":"https:\/\/services.alpha-one.com\/sv\/wp-json\/wp\/v2\/types\/page"}],"author":[{"embeddable":true,"href":"https:\/\/services.alpha-one.com\/sv\/wp-json\/wp\/v2\/users\/1"}],"replies":[{"embeddable":true,"href":"https:\/\/services.alpha-one.com\/sv\/wp-json\/wp\/v2\/comments?post=278"}],"version-history":[{"count":9,"href":"https:\/\/services.alpha-one.com\/sv\/wp-json\/wp\/v2\/pages\/278\/revisions"}],"predecessor-version":[{"id":487,"href":"https:\/\/services.alpha-one.com\/sv\/wp-json\/wp\/v2\/pages\/278\/revisions\/487"}],"wp:attachment":[{"href":"https:\/\/services.alpha-one.com\/sv\/wp-json\/wp\/v2\/media?parent=278"}],"curies":[{"name":"wp","href":"https:\/\/api.w.org\/{rel}","templated":true}]}}